{"id":612,"date":"2023-04-12T15:59:14","date_gmt":"2023-04-12T15:59:14","guid":{"rendered":"http:\/\/widerklang.info\/?page_id=612"},"modified":"2023-04-12T15:59:14","modified_gmt":"2023-04-12T15:59:14","slug":"halkca","status":"publish","type":"page","link":"https:\/\/widerklang.info\/en\/halkca\/","title":{"rendered":"HALK\u00c7A"},"content":{"rendered":"<h3 class=\"wp-block-heading\"><strong>Context:<\/strong><\/h3>\n\n\n\n<p>Halk\u00e7a is a workers poem written by Hassan Huseyin Korkuzgil (1927-1984). He was a leading socialist poet and teacher. Because of his political opinions he was expelled from work for life.<br><br>The poem was rewritten as a song by Kutup Y\u0131ld\u0131z\u0131.<\/p>\n\n\n\n<p><a rel=\"noreferrer noopener\" href=\"https:\/\/www.youtube.com\/watch?v=-7UN04dHYII&amp;ab_channel=JackRoss\" target=\"_blank\">HALK\u00c7A on Youtube<\/a><\/p>\n\n\n\n<hr class=\"wp-block-separator has-alpha-channel-opacity is-style-wide\"\/>\n\n\n\n<p>          <\/p>\n\n\n\n<div class=\"wp-block-columns is-layout-flex wp-container-core-columns-is-layout-1 wp-block-columns-is-layout-flex\" style=\"padding-top:0;padding-right:0;padding-bottom:0;padding-left:0\">\n<div class=\"wp-block-column is-layout-flow wp-block-column-is-layout-flow\">\n<h3 class=\"wp-block-heading\"><strong>Original<\/strong><\/h3>\n\n\n\n<p>Tarlaya pancar ekerim oy<br>Yaz boyunca ter d\u00f6kerim oy<br>Tarlaya pancar ekerim oy<br>Yaz boyunca ter d\u00f6kerim oy<br><br><strong>\u00c7ay\u0131 \u015fekersiz i\u00e7erim<br>Hani benim hani benim<br>Hani benim \u015fekerim<br>Hani benim \u015fekerim oy<br><\/strong><br>G\u00fcne\u015fe pamuk atar\u0131m oy<br>\u00c7apada \u00e7\u0131plak yatar\u0131m oy<br>G\u00fcne\u015fe pamuk atar\u0131m oy<br>\u00c7apada \u00e7\u0131plak yatar\u0131m oy<br><br><strong>Bulutu balyalar\u0131m<br>Hani benim hani benim<br>Hani benim g\u00f6yne\u011fim<br>Hani benim g\u00f6yne\u011fim oy<\/strong><br><br>Cehenneme ben inerim oy<br>K\u00f6m\u00fcr\u00fc de ben s\u00f6kerim oy<br>Cehenneme ben inerim oy<br>K\u00f6m\u00fcr\u00fc de ben s\u00f6kerim oy<br><br><strong>Kara k\u0131\u015fta titrerim<br>Hani benim hani benim<br>Hani benim k\u00f6m\u00fcr\u00fcm<br>Hani benim k\u00f6m\u00fcr\u00fcm oy<\/strong><br><br>Yeter art\u0131k yeter be oy<br>Bu rezillik yeter be oy<br>Yeter art\u0131k yeter be oy<br>Bu rezillik yeter be oy<br><br><strong>Bu i\u015f burada biter be<br>Gelsin benim gelsin benim<br>Gelsin benim de g\u00fcn\u00fcm<br>Gelsin benim de g\u00fcn\u00fcm oy<\/strong><br>Oy, oy, oy<\/p>\n<\/div>\n\n\n\n<div class=\"wp-block-column is-layout-flow wp-block-column-is-layout-flow\">\n<h3 class=\"wp-block-heading\"><strong>English translation<\/strong><\/h3>\n\n\n\n<p>I plant beets in the field<br>I sweat all summer<br>I plant beets in the field<br>I sweat all summer<br><br>I drink tea without sugar<br>Where is my, where is my<br>Where is my sugar<br>Where is my sugar<br><br>I throw cotton in the sun<br>I lie naked on the hoe<br>I throw cotton in the sun<br>I lie naked on the hoe<br><br>I bale the cloud<br>Where is my, where is my<br>Where is my shirt<br>Where is my shirt<br><br>I&#8217;m going down to hell<br>I&#8217;ll take out the coal too<br>I&#8217;m going down to hell<br>I&#8217;ll take out the coal too<br><br>I shiver in the black winter<br>Where is my, where is my<br>Where is my coal<br>Where is my coal<br><br>Enough is enough<br>Enough of this disgrace<br>Enough is enough<br>Enough of this disgrace<br><br>It ends here<br>come my, come my<br>Let my day come<br>Let my day come, too<br><\/p>\n\n\n\n<p><\/p>\n<\/div>\n<\/div>\n\n\n\n<p><\/p>","protected":false},"excerpt":{"rendered":"<p>Context: Halk\u00e7a is a workers poem written by Hassan Huseyin Korkuzgil (1927-1984). He was a leading socialist poet and teacher. Because of his political opinions he was expelled from work for life. The poem was rewritten as a song by Kutup Y\u0131ld\u0131z\u0131. HALK\u00c7A on Youtube Original Tarlaya pancar ekerim oyYaz boyunca ter d\u00f6kerim oyTarlaya pancar &hellip;<\/p>\n<p class=\"read-more\"> <a class=\"\" href=\"https:\/\/widerklang.info\/en\/halkca\/\"> <span class=\"screen-reader-text\">HALK\u00c7A<\/span> Read More &raquo;<\/a><\/p>","protected":false},"author":1,"featured_media":0,"parent":0,"menu_order":0,"comment_status":"closed","ping_status":"closed","template":"","meta":{"site-sidebar-layout":"default","site-content-layout":"default","ast-global-header-display":"","ast-main-header-display":"","ast-hfb-above-header-display":"","ast-hfb-below-header-display":"","ast-hfb-mobile-header-display":"","site-post-title":"","ast-breadcrumbs-content":"","ast-featured-img":"","footer-sml-layout":"","theme-transparent-header-meta":"","adv-header-id-meta":"","stick-header-meta":"","header-above-stick-meta":"","header-main-stick-meta":"","header-below-stick-meta":"","footnotes":""},"categories":[],"tags":[],"class_list":["post-612","page","type-page","status-publish","hentry"],"_links":{"self":[{"href":"https:\/\/widerklang.info\/en\/wp-json\/wp\/v2\/pages\/612","targetHints":{"allow":["GET"]}}],"collection":[{"href":"https:\/\/widerklang.info\/en\/wp-json\/wp\/v2\/pages"}],"about":[{"href":"https:\/\/widerklang.info\/en\/wp-json\/wp\/v2\/types\/page"}],"author":[{"embeddable":true,"href":"https:\/\/widerklang.info\/en\/wp-json\/wp\/v2\/users\/1"}],"replies":[{"embeddable":true,"href":"https:\/\/widerklang.info\/en\/wp-json\/wp\/v2\/comments?post=612"}],"version-history":[{"count":1,"href":"https:\/\/widerklang.info\/en\/wp-json\/wp\/v2\/pages\/612\/revisions"}],"predecessor-version":[{"id":613,"href":"https:\/\/widerklang.info\/en\/wp-json\/wp\/v2\/pages\/612\/revisions\/613"}],"wp:attachment":[{"href":"https:\/\/widerklang.info\/en\/wp-json\/wp\/v2\/media?parent=612"}],"wp:term":[{"taxonomy":"category","embeddable":true,"href":"https:\/\/widerklang.info\/en\/wp-json\/wp\/v2\/categories?post=612"},{"taxonomy":"post_tag","embeddable":true,"href":"https:\/\/widerklang.info\/en\/wp-json\/wp\/v2\/tags?post=612"}],"curies":[{"name":"wp","href":"https:\/\/api.w.org\/{rel}","templated":true}]}}