{"id":343,"date":"2023-01-27T08:52:38","date_gmt":"2023-01-27T08:52:38","guid":{"rendered":"http:\/\/widerklang.info\/?page_id=343"},"modified":"2025-05-07T10:57:38","modified_gmt":"2025-05-07T10:57:38","slug":"blanca-flor","status":"publish","type":"page","link":"https:\/\/widerklang.info\/en\/blanca-flor\/","title":{"rendered":"Blanca Flor"},"content":{"rendered":"<h3 class=\"wp-block-heading\"><strong>Context:<\/strong><\/h3>\n\n\n\n<p>Some songs of rural areas in Spain illustrate different manual jobs to show the repetitive nature of the tasks. The monotony and mechanics of the movements form the rhythmic basis. The song uses a rhythm from popular bakers\u2019-songs.<\/p>\n\n\n\n<p><a href=\"https:\/\/www.youtube.com\/watch?v=cYEbMGjD-uc&amp;ab_channel=LaMusga%C3%B1a-Topic\">On youtube as Bailes a lo pesao<\/a><\/p>\n\n\n\n<hr class=\"wp-block-separator has-alpha-channel-opacity is-style-wide\"\/>\n\n\n\n<p>          <\/p>\n\n\n\n<div class=\"wp-block-columns is-layout-flex wp-container-core-columns-is-layout-1 wp-block-columns-is-layout-flex\" style=\"padding-top:0;padding-right:0;padding-bottom:0;padding-left:0\">\n<div class=\"wp-block-column is-layout-flow wp-block-column-is-layout-flow\">\n<h3 class=\"wp-block-heading\"><strong>Original<\/strong><\/h3>\n\n\n\n<p>Dicen que tienes, que tienes,<br>Que tienes m\u00e1s de mil reales,<br>Si los tienes guardalos,<br>Tus ojos solo lo valen.<br>Y al pasar el r\u00edu tropec\u00e9 en la rama.<\/p>\n\n\n\n<p><strong>Se me ha ca\u00eddo el pa\u00f1uelo,<\/strong><br><strong>Y me lo ha llevado el agua,<\/strong><br><strong>Y ahora no tengu pa\u00f1uelu ni nada.<\/strong><\/p>\n\n\n\n<p>Ya duerme la blanca flor,<br>Entre blancos algodones.<br>Dicen que tienes la fama,<br>De robar los corazones.<br>Y al pasar el r\u00edu tropec\u00e9 en la rama.<\/p>\n\n\n\n<p>Dice tu madre que tienen,<br>Una reina para mi.<br>Anda ve y dile a tu madre,<br>Que la reina est\u00e1 en Madrid.<br>Y al pasar el r\u00edu tropec\u00e9 en la rama.<\/p>\n\n\n\n<p>Y all\u00e1 va la despedida,<br>La despedida voy dando.<br>Esta si que es despedida,<br>Que me despido cantando.<br>Y al pasar el r\u00edu tropec\u00e9 en la rama.<\/p>\n<\/div>\n\n\n\n<div class=\"wp-block-column is-layout-flow wp-block-column-is-layout-flow\">\n<h3 class=\"wp-block-heading\"><strong>English translation<\/strong><\/h3>\n\n\n\n<p>They say that you have, that you have,<br>That you have more than a thousand reales,<br>If you have them, keep them,<br>Your eyes alone are worth it.<br>And as I passed the river I tripped on the branch.<\/p>\n\n\n\n<p><strong>I dropped my handkerchief,<\/strong><br><strong>And the water carried it away,<\/strong><br><strong>And now I have no handkerchief or anything.<\/strong><\/p>\n\n\n\n<p>The white flower is already sleeping,<br>Among white cotton balls.<br>They say you have the reputation<br>Of stealing hearts.<br>And when I passed the river I tripped on the branch<\/p>\n\n\n\n<p>Your mother says they have,<br>A queen for me.<br>Go and tell your mother,<br>That the queen is in Madrid.<br>And as I passed the river I stumbled on the branch.<\/p>\n\n\n\n<p>And there goes the farewell,<br>The farewell I&#8217;m giving.<br>This is a farewell,<br>That I say goodbye singing.<br>And as I passed the river I stumbled on the branch.<\/p>\n<\/div>\n<\/div>\n\n\n\n<p><\/p>","protected":false},"excerpt":{"rendered":"<p>Context: Some songs of rural areas in Spain illustrate different manual jobs to show the repetitive nature of the tasks. The monotony and mechanics of the movements form the rhythmic basis. The song uses a rhythm from popular bakers\u2019-songs. On youtube as Bailes a lo pesao Original Dicen que tienes, que tienes,Que tienes m\u00e1s de &hellip;<\/p>\n<p class=\"read-more\"> <a class=\"\" href=\"https:\/\/widerklang.info\/en\/blanca-flor\/\"> <span class=\"screen-reader-text\">Blanca Flor<\/span> Read More &raquo;<\/a><\/p>","protected":false},"author":1,"featured_media":0,"parent":0,"menu_order":0,"comment_status":"closed","ping_status":"closed","template":"","meta":{"site-sidebar-layout":"default","site-content-layout":"default","ast-global-header-display":"","ast-main-header-display":"","ast-hfb-above-header-display":"","ast-hfb-below-header-display":"","ast-hfb-mobile-header-display":"","site-post-title":"","ast-breadcrumbs-content":"","ast-featured-img":"","footer-sml-layout":"","theme-transparent-header-meta":"","adv-header-id-meta":"","stick-header-meta":"","header-above-stick-meta":"","header-main-stick-meta":"","header-below-stick-meta":"","footnotes":""},"categories":[34],"tags":[],"class_list":["post-343","page","type-page","status-publish","hentry","category-b"],"_links":{"self":[{"href":"https:\/\/widerklang.info\/en\/wp-json\/wp\/v2\/pages\/343","targetHints":{"allow":["GET"]}}],"collection":[{"href":"https:\/\/widerklang.info\/en\/wp-json\/wp\/v2\/pages"}],"about":[{"href":"https:\/\/widerklang.info\/en\/wp-json\/wp\/v2\/types\/page"}],"author":[{"embeddable":true,"href":"https:\/\/widerklang.info\/en\/wp-json\/wp\/v2\/users\/1"}],"replies":[{"embeddable":true,"href":"https:\/\/widerklang.info\/en\/wp-json\/wp\/v2\/comments?post=343"}],"version-history":[{"count":4,"href":"https:\/\/widerklang.info\/en\/wp-json\/wp\/v2\/pages\/343\/revisions"}],"predecessor-version":[{"id":442,"href":"https:\/\/widerklang.info\/en\/wp-json\/wp\/v2\/pages\/343\/revisions\/442"}],"wp:attachment":[{"href":"https:\/\/widerklang.info\/en\/wp-json\/wp\/v2\/media?parent=343"}],"wp:term":[{"taxonomy":"category","embeddable":true,"href":"https:\/\/widerklang.info\/en\/wp-json\/wp\/v2\/categories?post=343"},{"taxonomy":"post_tag","embeddable":true,"href":"https:\/\/widerklang.info\/en\/wp-json\/wp\/v2\/tags?post=343"}],"curies":[{"name":"wp","href":"https:\/\/api.w.org\/{rel}","templated":true}]}}