{"id":284,"date":"2023-01-03T16:41:21","date_gmt":"2023-01-03T16:41:21","guid":{"rendered":"http:\/\/widerklang.info\/?page_id=284"},"modified":"2023-01-04T20:31:45","modified_gmt":"2023-01-04T20:31:45","slug":"the-day-the-nazi-died-by-chumbawamba","status":"publish","type":"page","link":"https:\/\/widerklang.info\/en\/the-day-the-nazi-died-by-chumbawamba\/","title":{"rendered":"The Day The Nazi Died by  Chumbawamba"},"content":{"rendered":"<h3 class=\"wp-block-heading\"><strong>Context:<\/strong><\/h3>\n\n\n\n<p>Anti-Nazi song from Chumbawamba. Even though nazism officially ended in 1945, the fascist spirit is still alive, both among militant neo-Nazis and in the form of white supremacy in the capitalist system.<\/p>\n\n\n\n<p><\/p>\n\n\n\n<hr class=\"wp-block-separator has-alpha-channel-opacity is-style-wide\"\/>\n\n\n\n<p><\/p>\n\n\n\n<div class=\"wp-block-columns is-layout-flex wp-container-core-columns-is-layout-1 wp-block-columns-is-layout-flex\" style=\"padding-top:0;padding-right:0;padding-bottom:0;padding-left:0\">\n<div class=\"wp-block-column is-layout-flow wp-block-column-is-layout-flow\">\n<h3 class=\"wp-block-heading\"><strong>Original<\/strong><\/h3>\n\n\n\n<p>We&#8217;re told that after the war                The Nazis vanished without a trace           But battalions of fascists                   Still dream of a master race<\/p>\n\n\n\n<p>The history books they tell                 Of their defeat in &#8217;45                       But they all came out of the woodwork            On the day the Nazi died<\/p>\n\n\n\n<p>They say the prisoner at Spandau            Was a symbol of defeat                        Whilst Hess remained imprisoned              And the fascists; they were beat<\/p>\n\n\n\n<p>So the promise of an Aryan world              Would never materialize                      So why did they all come out of the woodwork   On the day the Nazi died<\/p>\n\n\n\n<p>The world is riddled with maggots             The maggots are very glad               They&#8217;re making a tasty meal of all                   The bosses and bureaucrats<\/p>\n\n\n\n<p>They&#8217;re taking over the boardrooms          And they are so full of pride               And they all came out of the woodwork         On the day the Nazi died<\/p>\n\n\n\n<p>So if you meet with these historians       I&#8217;ll tell you what to say                   Tell them that the Nazis                    Never really went away<\/p>\n\n\n\n<p>They&#8217;re out there burning houses down             And peddling racist lies                         And we&#8217;ll never rest again\u2026                   Until every Nazi dies&#8230;<\/p>\n\n\n\n<p><\/p>\n<\/div>\n\n\n\n<div class=\"wp-block-column is-layout-flow wp-block-column-is-layout-flow\">\n<h3 class=\"wp-block-heading\"><strong>Deutsche \u00dcbersetzung <\/strong><\/h3>\n\n\n\n<p>Es hei\u00dft, dass nach dem Krieg               Die Nazis spurlos verschwanden                Aber Bataillone von Faschisten                  Tr\u00e4umen immer noch von einer Herrenrasse<\/p>\n\n\n\n<p>In den Geschichtsb\u00fcchern erz\u00e4hlen sie        Von ihrer Niederlage &#8217;45                        Doch sie kamen alle aus dem Wald heraus       An dem Tag, als der Nazi starb<\/p>\n\n\n\n<p>Sie sagen, der Gefangene von Spandau         War ein Symbol der Niederlage                 W\u00e4hrend He\u00df inhaftiert blieb                   Und die Faschisten; sie wurden geschlagen<\/p>\n\n\n\n<p>Damit das Versprechen einer arischen Welt        Niemals in Erf\u00fcllung gehen w\u00fcrde         Warum also kamen sie alle aus dem Wald heraus?                                     An dem Tag, an dem der Nazi starb            Die Maden werden froh                       Die Welt ist von Maden durchsetzt                Sie machen sich eine leckere Mahlzeit aus allen Bossen und B\u00fcrokraten<\/p>\n\n\n\n<p>Sie erobern die Vorstandsetagen             Und sie sind so voller Stolz                 Und sie kamen alle aus dem Wald heraus        An dem Tag, als der Nazi starb<\/p>\n\n\n\n<p>Wenn du dich also mit diesen Historikern triffst                                      Ich sag dir, was du sagen sollst              Sag ihnen, dass die Nazis                    Nie wirklich verschwunden sind<\/p>\n\n\n\n<p>Sie sind dort drau\u00dfen brennen H\u00e4user nieder    und verbreiten rassistische L\u00fcgen.         Und wir werden nie wieder ruhen\u2026           Bis jeder Nazi stirbt\u2026<\/p>\n\n\n\n<p><\/p>\n\n\n\n<p><\/p>\n\n\n\n<p><\/p>\n\n\n\n<p><\/p>\n\n\n\n<p><\/p>\n\n\n\n<p><\/p>\n\n\n\n<p><\/p>\n\n\n\n<p><\/p>\n\n\n\n<p><\/p>\n\n\n\n<p><\/p>\n\n\n\n<p><\/p>\n\n\n\n<p><\/p>\n\n\n\n<p><\/p>\n\n\n\n<p><\/p>\n\n\n\n<p><\/p>\n<\/div>\n<\/div>\n\n\n\n<p><\/p>","protected":false},"excerpt":{"rendered":"<p>Context: Anti-Nazi song from Chumbawamba. Even though nazism officially ended in 1945, the fascist spirit is still alive, both among militant neo-Nazis and in the form of white supremacy in the capitalist system. Original We&#8217;re told that after the war The Nazis vanished without a trace But battalions of fascists Still dream of a master &hellip;<\/p>\n<p class=\"read-more\"> <a class=\"\" href=\"https:\/\/widerklang.info\/en\/the-day-the-nazi-died-by-chumbawamba\/\"> <span class=\"screen-reader-text\">The Day The Nazi Died by  Chumbawamba<\/span> Read More &raquo;<\/a><\/p>","protected":false},"author":1,"featured_media":0,"parent":0,"menu_order":0,"comment_status":"open","ping_status":"closed","template":"","meta":{"site-sidebar-layout":"default","site-content-layout":"default","ast-global-header-display":"","ast-main-header-display":"","ast-hfb-above-header-display":"","ast-hfb-below-header-display":"","ast-hfb-mobile-header-display":"","site-post-title":"","ast-breadcrumbs-content":"","ast-featured-img":"","footer-sml-layout":"","theme-transparent-header-meta":"","adv-header-id-meta":"","stick-header-meta":"","header-above-stick-meta":"","header-main-stick-meta":"","header-below-stick-meta":"","footnotes":""},"categories":[],"tags":[],"class_list":["post-284","page","type-page","status-publish","hentry"],"_links":{"self":[{"href":"https:\/\/widerklang.info\/en\/wp-json\/wp\/v2\/pages\/284","targetHints":{"allow":["GET"]}}],"collection":[{"href":"https:\/\/widerklang.info\/en\/wp-json\/wp\/v2\/pages"}],"about":[{"href":"https:\/\/widerklang.info\/en\/wp-json\/wp\/v2\/types\/page"}],"author":[{"embeddable":true,"href":"https:\/\/widerklang.info\/en\/wp-json\/wp\/v2\/users\/1"}],"replies":[{"embeddable":true,"href":"https:\/\/widerklang.info\/en\/wp-json\/wp\/v2\/comments?post=284"}],"version-history":[{"count":1,"href":"https:\/\/widerklang.info\/en\/wp-json\/wp\/v2\/pages\/284\/revisions"}],"predecessor-version":[{"id":286,"href":"https:\/\/widerklang.info\/en\/wp-json\/wp\/v2\/pages\/284\/revisions\/286"}],"wp:attachment":[{"href":"https:\/\/widerklang.info\/en\/wp-json\/wp\/v2\/media?parent=284"}],"wp:term":[{"taxonomy":"category","embeddable":true,"href":"https:\/\/widerklang.info\/en\/wp-json\/wp\/v2\/categories?post=284"},{"taxonomy":"post_tag","embeddable":true,"href":"https:\/\/widerklang.info\/en\/wp-json\/wp\/v2\/tags?post=284"}],"curies":[{"name":"wp","href":"https:\/\/api.w.org\/{rel}","templated":true}]}}