{"id":272,"date":"2023-01-03T15:38:35","date_gmt":"2023-01-03T15:38:35","guid":{"rendered":"http:\/\/widerklang.info\/?page_id=272"},"modified":"2023-02-06T20:52:49","modified_gmt":"2023-02-06T20:52:49","slug":"marsa-rojava-by-kendal-manis","status":"publish","type":"page","link":"https:\/\/widerklang.info\/en\/marsa-rojava-by-kendal-manis\/","title":{"rendered":"Mar\u015fa Rojava by Kendal Manis"},"content":{"rendered":"<h3 class=\"wp-block-heading\"><strong>Context:<\/strong><\/h3>\n\n\n\n<p>The anthem of Rojava. Rojava means sunset and refers to the autonomously administered area of northern Syria.<\/p>\n\n\n\n<p><a href=\"https:\/\/www.youtube.com\/watch?v=Mqw0o8rYoMs&amp;ab_channel=KendalMani%C5%9F-Topic\" target=\"_blank\" rel=\"noreferrer noopener\">Mar\u015fa Rojava on Youtube<\/a><\/p>\n\n\n\n<hr class=\"wp-block-separator has-alpha-channel-opacity is-style-wide\"\/>\n\n\n\n<p><\/p>\n\n\n\n<div class=\"wp-block-columns is-layout-flex wp-container-core-columns-is-layout-1 wp-block-columns-is-layout-flex\" style=\"padding-top:0;padding-right:0;padding-bottom:0;padding-left:0\">\n<div class=\"wp-block-column is-layout-flow wp-block-column-is-layout-flow\">\n<h3 class=\"wp-block-heading\"><strong>Original<\/strong><\/h3>\n\n\n\n<p>Ke\u00e7 \u00fb xort\u00ean \u015fore\u015fvan                         Dipar\u00eazin n\u00ee\u015ftiman                          Natirsin ji k\u00fb\u00e7ik\u00ean hovan                   Em derx\u00eenin ji axa bavan\/kalan<\/p>\n\n\n\n<p>Bij\u00ee, bij\u00ee Rojava!                          Ji boy\u00ee te can\u00ean me feda!                  Eri\u015f\u00ean dijmin b\u00fbn vala!                       Kurdno mala we ava!<\/p>\n\n\n\n<p>Ke\u00e7 \u00fb xort\u00ean qehreman                       \u015eer dikin bo Kurdistan                      Ji bo ku zarok bikin jiyan                  Hazirin bibin pakrewan!<\/p>\n\n\n\n<p>Qami\u015flo, Afr\u00een, Koban\u00ea!                    Am\u00fbde, D\u00earik, Hesek\u00ea!                        Tirbesp\u00ee, Ser\u00ea Kaniy\u00ea!                       Bij\u00ee Rojavay\u00ea Kurdistan\u00ea!<\/p>\n\n\n\n<p><\/p>\n\n\n\n<p><\/p>\n\n\n\n<p><\/p>\n\n\n\n<p><\/p>\n\n\n\n<p><\/p>\n\n\n\n<p><\/p>\n<\/div>\n\n\n\n<div class=\"wp-block-column is-layout-flow wp-block-column-is-layout-flow\">\n<h3 class=\"wp-block-heading\"><strong>English translation<\/strong><\/h3>\n\n\n\n<p>Revolutionary women and men                 Are defending the homeland                  Without fear of barbaric dogs               We will take them off the soil of our ancestors<\/p>\n\n\n\n<p>Heroic women and men                         Are battling for Kurdistan                   So that children can live                    They are ready to be martyrs!<\/p>\n\n\n\n<p>Qami\u015flo, Afr\u00een, Koban\u00ea!                    Am\u00fbde, D\u00earik, Hesek\u00ea!                        Tirbesp\u00ee, Ser\u00ea Kaniy\u00ea!                       Long live the Rojava of Kurdistan!<\/p>\n\n\n\n<p><\/p>\n\n\n\n<p><\/p>\n\n\n\n<p><\/p>\n\n\n\n<p><\/p>\n\n\n\n<p><\/p>\n<\/div>\n<\/div>\n\n\n\n<p><\/p>","protected":false},"excerpt":{"rendered":"<p>Context: The anthem of Rojava. Rojava means sunset and refers to the autonomously administered area of northern Syria. Mar\u015fa Rojava on Youtube Original Ke\u00e7 \u00fb xort\u00ean \u015fore\u015fvan Dipar\u00eazin n\u00ee\u015ftiman Natirsin ji k\u00fb\u00e7ik\u00ean hovan Em derx\u00eenin ji axa bavan\/kalan Bij\u00ee, bij\u00ee Rojava! Ji boy\u00ee te can\u00ean me feda! Eri\u015f\u00ean dijmin b\u00fbn vala! Kurdno mala we ava! &hellip;<\/p>\n<p class=\"read-more\"> <a class=\"\" href=\"https:\/\/widerklang.info\/en\/marsa-rojava-by-kendal-manis\/\"> <span class=\"screen-reader-text\">Mar\u015fa Rojava by Kendal Manis<\/span> Read More &raquo;<\/a><\/p>","protected":false},"author":1,"featured_media":0,"parent":0,"menu_order":0,"comment_status":"closed","ping_status":"closed","template":"","meta":{"site-sidebar-layout":"default","site-content-layout":"default","ast-global-header-display":"","ast-main-header-display":"","ast-hfb-above-header-display":"","ast-hfb-below-header-display":"","ast-hfb-mobile-header-display":"","site-post-title":"","ast-breadcrumbs-content":"","ast-featured-img":"","footer-sml-layout":"","theme-transparent-header-meta":"","adv-header-id-meta":"","stick-header-meta":"","header-above-stick-meta":"","header-main-stick-meta":"","header-below-stick-meta":"","footnotes":""},"categories":[],"tags":[],"class_list":["post-272","page","type-page","status-publish","hentry"],"_links":{"self":[{"href":"https:\/\/widerklang.info\/en\/wp-json\/wp\/v2\/pages\/272","targetHints":{"allow":["GET"]}}],"collection":[{"href":"https:\/\/widerklang.info\/en\/wp-json\/wp\/v2\/pages"}],"about":[{"href":"https:\/\/widerklang.info\/en\/wp-json\/wp\/v2\/types\/page"}],"author":[{"embeddable":true,"href":"https:\/\/widerklang.info\/en\/wp-json\/wp\/v2\/users\/1"}],"replies":[{"embeddable":true,"href":"https:\/\/widerklang.info\/en\/wp-json\/wp\/v2\/comments?post=272"}],"version-history":[{"count":5,"href":"https:\/\/widerklang.info\/en\/wp-json\/wp\/v2\/pages\/272\/revisions"}],"predecessor-version":[{"id":484,"href":"https:\/\/widerklang.info\/en\/wp-json\/wp\/v2\/pages\/272\/revisions\/484"}],"wp:attachment":[{"href":"https:\/\/widerklang.info\/en\/wp-json\/wp\/v2\/media?parent=272"}],"wp:term":[{"taxonomy":"category","embeddable":true,"href":"https:\/\/widerklang.info\/en\/wp-json\/wp\/v2\/categories?post=272"},{"taxonomy":"post_tag","embeddable":true,"href":"https:\/\/widerklang.info\/en\/wp-json\/wp\/v2\/tags?post=272"}],"curies":[{"name":"wp","href":"https:\/\/api.w.org\/{rel}","templated":true}]}}