{"id":668,"date":"2024-04-06T12:06:40","date_gmt":"2024-04-06T12:06:40","guid":{"rendered":"http:\/\/widerklang.info\/?page_id=668"},"modified":"2024-04-06T12:10:46","modified_gmt":"2024-04-06T12:10:46","slug":"repertoire","status":"publish","type":"page","link":"http:\/\/widerklang.info\/en\/repertoire\/","title":{"rendered":"Repertoire"},"content":{"rendered":"<div style=\"height:20px\" aria-hidden=\"true\" class=\"wp-block-spacer\"><\/div>\n\n\n\n<h2 class=\"wp-block-heading\" id=\"Repertoire\">Repertoire<\/h2>\n\n\n\n<p>Our songs are as fluid as our choir. Here are some that we already sang but we sing more.<\/p>\n\n\n\n<hr class=\"wp-block-separator has-text-color has-ast-global-color-3-color has-alpha-channel-opacity has-ast-global-color-3-background-color has-background is-style-wide\"\/>\n\n\n\n<p><a href=\"http:\/\/widerklang.info\/en\/a-la-huelga-feministes-indignades-chico-sanchez\/\" data-type=\"URL\" data-id=\"http:\/\/widerklang.info\/a-la-huelga-feministes-indignades-chico-sanchez\/\">A la huelga feminista<\/a> : <a rel=\"noreferrer noopener\" href=\"https:\/\/www.youtube.com\/watch?v=HTdyGVWHaRc&amp;list=RDHTdyGVWHaRc&amp;index=2\" target=\"_blank\">A la huelga feminista &#8211; Youtube<\/a> <\/p>\n\n\n\n<hr class=\"wp-block-separator has-text-color has-ast-global-color-3-color has-alpha-channel-opacity has-ast-global-color-3-background-color has-background is-style-wide\"\/>\n\n\n\n<p><a href=\"http:\/\/widerklang.info\/en\/adieu-paure-carnavas\/\" data-type=\"page\" data-id=\"285\">Adieu paure<\/a> : <a rel=\"noreferrer noopener\" href=\"https:\/\/www.youtube.com\/watch?v=guRpdsAbUv0&amp;ab_channel=ToToPaPa\" target=\"_blank\">Adieu paure \u2013 Youtube<\/a><\/p>\n\n\n\n<hr class=\"wp-block-separator has-text-color has-ast-global-color-3-color has-alpha-channel-opacity has-ast-global-color-3-background-color has-background is-style-wide\"\/>\n\n\n\n<p><a href=\"http:\/\/widerklang.info\/en\/aint-gonna-let-nobody-turn-me-around\/\" data-type=\"page\" data-id=\"573\">Ain\u00b4t gonna let nobody turn me \u00b4round<\/a> : <a rel=\"noreferrer noopener\" href=\"https:\/\/www.youtube.com\/watch?v=WPuBGcng6Tw\" target=\"_blank\">Aint&#8217;gonne let nobdy (&#8230;) &#8211; Youtube<\/a><\/p>\n\n\n\n<hr class=\"wp-block-separator has-text-color has-ast-global-color-3-color has-alpha-channel-opacity has-ast-global-color-3-background-color has-background is-style-wide\"\/>\n\n\n\n<p><a href=\"http:\/\/widerklang.info\/en\/arbeiterinnen-von-wien-greek-turkish-german\/\" data-type=\"page\" data-id=\"347\">Arbeiter:innen von Wien<\/a><\/p>\n\n\n\n<hr class=\"wp-block-separator has-text-color has-ast-global-color-3-color has-alpha-channel-opacity has-ast-global-color-3-background-color has-background is-style-wide\"\/>\n\n\n\n<p><a href=\"http:\/\/widerklang.info\/en\/blanca-flor\/\" data-type=\"page\" data-id=\"343\">Blanca flor \/ Bailes a lo peasao<\/a> : <a rel=\"noreferrer noopener\" href=\"https:\/\/www.youtube.com\/watch?v=cYEbMGjD-uc&amp;ab_channel=LaMusga%C3%B1a-Topic\" target=\"_blank\">Blanca flor <\/a><a href=\"https:\/\/www.youtube.com\/watch?v=cYEbMGjD-uc&amp;ab_channel=LaMusga%C3%B1a-Topic\" target=\"_blank\" rel=\"noreferrer noopener\">\u2013<\/a><a rel=\"noreferrer noopener\" href=\"https:\/\/www.youtube.com\/watch?v=cYEbMGjD-uc&amp;ab_channel=LaMusga%C3%B1a-Topic\" target=\"_blank\"> Youtube<\/a><\/p>\n\n\n\n<hr class=\"wp-block-separator has-text-color has-ast-global-color-3-color has-alpha-channel-opacity has-ast-global-color-3-background-color has-background is-style-wide\"\/>\n\n\n\n<p><a href=\"http:\/\/widerklang.info\/en\/sample-page\/cancion-sin-miedo\/\" data-type=\"page\" data-id=\"172\">Canci\u00f3n sin miedo<\/a> : <a rel=\"noreferrer noopener\" href=\"https:\/\/www.youtube.com\/watch?v=VLLyzqkH6cs&amp;ab_channel=VivirQuintana\" target=\"_blank\">Canci\u00f3n sin miedo \u2013 Youtube<\/a><\/p>\n\n\n\n<hr class=\"wp-block-separator has-text-color has-ast-global-color-3-color has-alpha-channel-opacity has-ast-global-color-3-background-color has-background is-style-wide\"\/>\n\n\n\n<p><a href=\"http:\/\/widerklang.info\/en\/das-lied-von-der-moldau-by-bertolt-brecht\/\" data-type=\"page\" data-id=\"335\">Das Lied von der Moldau<\/a><\/p>\n\n\n\n<hr class=\"wp-block-separator has-text-color has-ast-global-color-3-color has-alpha-channel-opacity has-ast-global-color-3-background-color has-background is-style-wide\"\/>\n\n\n\n<p><a href=\"http:\/\/widerklang.info\/en\/deja-mal-mariee\/\" data-type=\"URL\" data-id=\"http:\/\/widerklang.info\/deja-mal-mariee\/\">D\u00e9j\u00e0 mal mari\u00e9e<\/a> : <a href=\"https:\/\/lachorale.ch\/site\/sons\/LIVE_20200724_Montriond_12_Deja_mal_mariee.mp3\" data-type=\"URL\" data-id=\"https:\/\/lachorale.ch\/site\/sons\/LIVE_20200724_Montriond_12_Deja_mal_mariee.mp3\" target=\"_blank\" rel=\"noreferrer noopener\">Choir version on lachorale.ch<\/a><\/p>\n\n\n\n<hr class=\"wp-block-separator has-text-color has-ast-global-color-3-color has-alpha-channel-opacity has-ast-global-color-3-background-color has-background is-style-wide\"\/>\n\n\n\n<p><a href=\"http:\/\/widerklang.info\/en\/de-femna-e-dome-la-mal-coiffee\/\" data-type=\"page\" data-id=\"349\">De femma e d\u2019ome \u2013 La mal coiffee<\/a> : <a href=\"https:\/\/www.youtube.com\/watch?v=kDBsfL0zAsg\" target=\"_blank\" rel=\"noreferrer noopener\">De femma e d&#8217;ome &#8211; Youtube<\/a><\/p>\n\n\n\n<hr class=\"wp-block-separator has-text-color has-ast-global-color-3-color has-alpha-channel-opacity has-ast-global-color-3-background-color has-background is-style-wide\"\/>\n\n\n\n<p><a href=\"http:\/\/widerklang.info\/en\/hakliyiz-kazanacagiz\/(\u00f6ffnet in neuem Tab)\/\" data-type=\"URL\" data-id=\"http:\/\/widerklang.info\/hakliyiz-kazanacagiz\/(\u00f6ffnet in neuem Tab)\">Hakl\u0131y\u0131z Kazanaca\u011f\u0131z<\/a> : <a rel=\"noreferrer noopener\" href=\"https:\/\/www.youtube.com\/watch?v=kDBsfL0zAsg\" target=\"_blank\"><\/a><a href=\"https:\/\/www.youtube.com\/watch?v=SAeqbLUcsZE&amp;ab_channel=KalanM%C3%BCzik\" data-type=\"URL\" data-id=\"https:\/\/www.youtube.com\/watch?v=SAeqbLUcsZE&amp;ab_channel=KalanM%C3%BCzik\" target=\"_blank\" rel=\"noreferrer noopener\">Hakl\u0131y\u0131z Kazanaca\u011f\u0131z<\/a><a rel=\"noreferrer noopener\" href=\"https:\/\/www.youtube.com\/watch?v=V_3Pt94XrLk&amp;ab_channel=yildizikbal\" data-type=\"URL\" data-id=\"https:\/\/www.youtube.com\/watch?v=V_3Pt94XrLk&amp;ab_channel=yildizikbal\" target=\"_blank\"> &#8211; Youtube<\/a><\/p>\n\n\n\n<hr class=\"wp-block-separator has-text-color has-ast-global-color-3-color has-alpha-channel-opacity has-ast-global-color-3-background-color has-background is-style-wide\"\/>\n\n\n\n<p><a href=\"http:\/\/widerklang.info\/en\/halkca\/\" data-type=\"page\" data-id=\"612\">HALK\u00c7A<\/a> : <a rel=\"noreferrer noopener\" href=\"https:\/\/www.youtube.com\/watch?v=kDBsfL0zAsg\" target=\"_blank\"><\/a><a href=\"https:\/\/www.youtube.com\/watch?v=V_3Pt94XrLk&amp;ab_channel=yildizikbal\" data-type=\"URL\" data-id=\"https:\/\/www.youtube.com\/watch?v=V_3Pt94XrLk&amp;ab_channel=yildizikbal\" target=\"_blank\" rel=\"noreferrer noopener\">HALK\u00c7A &#8211; Youtube<\/a><\/p>\n\n\n\n<hr class=\"wp-block-separator has-text-color has-ast-global-color-3-color has-alpha-channel-opacity has-ast-global-color-3-background-color has-background is-style-wide\"\/>\n\n\n\n<p><a href=\"http:\/\/widerklang.info\/en\/in-ale-gasn\/\" data-type=\"page\" data-id=\"331\">In ale Gasn<\/a> : <a href=\"https:\/\/www.youtube.com\/watch?v=-7UN04dHYII&amp;ab_channel=JackRoss\" target=\"_blank\" rel=\"noreferrer noopener\">In ale Gasn \u2013 Youtube<\/a><\/p>\n\n\n\n<hr class=\"wp-block-separator has-text-color has-ast-global-color-3-color has-alpha-channel-opacity has-ast-global-color-3-background-color has-background is-style-wide\"\/>\n\n\n\n<p><a href=\"http:\/\/widerklang.info\/en\/la-lega\/\" data-type=\"page\" data-id=\"216\">La Lega<\/a> : <a href=\"https:\/\/www.youtube.com\/watch?v=T82jg9lvOAI\" target=\"_blank\" rel=\"noreferrer noopener\">La Lega &#8211; Youtube<\/a><\/p>\n\n\n\n<hr class=\"wp-block-separator has-text-color has-ast-global-color-3-color has-alpha-channel-opacity has-ast-global-color-3-background-color has-background is-style-wide\"\/>\n\n\n\n<p><a href=\"http:\/\/widerklang.info\/en\/lerba-dagram\/\" data-type=\"page\" data-id=\"339\">L&#8217;\u00e8rba d&#8217;agram<\/a> : <a rel=\"noreferrer noopener\" href=\"https:\/\/www.youtube.com\/watch?v=mEp7Rt4yisA&amp;ab_channel=Barrut\" target=\"_blank\">L&#8217;\u00e8rba d&#8217;agram \u2013 Youtube<\/a><\/p>\n\n\n\n<hr class=\"wp-block-separator has-text-color has-ast-global-color-3-color has-alpha-channel-opacity has-ast-global-color-3-background-color has-background is-style-wide\"\/>\n\n\n\n<p><a href=\"http:\/\/widerklang.info\/en\/los-solidarios-by-chicho-sanchez\/\" data-type=\"page\" data-id=\"274\">Los solidarios<\/a> : <a rel=\"noreferrer noopener\" href=\"https:\/\/www.youtube.com\/watch?v=0nT_u9F_8Og\" target=\"_blank\">Los solidarios &#8211; Youtube<\/a><\/p>\n\n\n\n<hr class=\"wp-block-separator has-text-color has-ast-global-color-3-color has-alpha-channel-opacity has-ast-global-color-3-background-color has-background is-style-wide\"\/>\n\n\n\n<p><a href=\"http:\/\/widerklang.info\/en\/marsa-rojava-by-kendal-manis\/\" data-type=\"page\" data-id=\"272\"><\/a><a rel=\"noreferrer noopener\" href=\"https:\/\/www.youtube.com\/watch?v=Mqw0o8rYoMs&amp;ab_channel=KendalMani%C5%9F-Topic\" target=\"_blank\">Mar\u015fa Rojava<\/a> : <a rel=\"noreferrer noopener\" href=\"https:\/\/www.youtube.com\/watch?v=Mqw0o8rYoMs&amp;ab_channel=KendalMani%C5%9F-Topic\" target=\"_blank\">Mar\u015fa Rojava \u2013 Youtube<\/a><\/p>\n\n\n\n<hr class=\"wp-block-separator has-text-color has-ast-global-color-3-color has-alpha-channel-opacity has-ast-global-color-3-background-color has-background is-style-wide\"\/>\n\n\n\n<p><a href=\"http:\/\/widerklang.info\/en\/nou-calelhs\/\" data-type=\"page\" data-id=\"264\">No\u00fa Calelhs<\/a> : <a href=\"https:\/\/www.youtube.com\/watch?v=hLGO-1NC0j4&amp;ab_channel=bambule\" target=\"_blank\" rel=\"noreferrer noopener\">No\u00fa Calelhs \u2013 Youtube<\/a><\/p>\n\n\n\n<hr class=\"wp-block-separator has-text-color has-ast-global-color-3-color has-alpha-channel-opacity has-ast-global-color-3-background-color has-background is-style-wide\"\/>\n\n\n\n<p><a href=\"http:\/\/widerklang.info\/en\/rauch-haus-song-by-ton-steine-scherben\/\" data-type=\"page\" data-id=\"351\">Rauchhaus Song<\/a> : <a href=\"https:\/\/www.youtube.com\/watch?v=TYSFGT7UGS8\" target=\"_blank\" rel=\"noreferrer noopener\">Rauchhaus Song &#8211; Youtube<\/a><\/p>\n\n\n\n<hr class=\"wp-block-separator has-text-color has-ast-global-color-3-color has-alpha-channel-opacity has-ast-global-color-3-background-color has-background is-style-wide\"\/>\n\n\n\n<p><a href=\"http:\/\/widerklang.info\/en\/resolution-der-kommunarden-by-bertolt-brecht-und-hans-eisler\/\" data-type=\"page\" data-id=\"278\">Resolution der Kommunarden<\/a> : <a rel=\"noreferrer noopener\" href=\"https:\/\/www.youtube.com\/watch?v=UCMSVpTrzuo&amp;t=12s\" target=\"_blank\">Resolution der Kommunarden &#8211; You<\/a><a rel=\"noreferrer noopener\" href=\"https:\/\/www.youtube.com\/watch?v=UCMSVpTrzuo&amp;t=12s\" target=\"_blank\">t<\/a><a href=\"https:\/\/www.youtube.com\/watch?v=UCMSVpTrzuo&amp;t=12s\" target=\"_blank\" rel=\"noreferrer noopener\">u<\/a><a rel=\"noreferrer noopener\" href=\"https:\/\/www.youtube.com\/watch?v=UCMSVpTrzuo&amp;t=12s\" target=\"_blank\">be<\/a><\/p>\n\n\n\n<hr class=\"wp-block-separator has-text-color has-ast-global-color-3-color has-alpha-channel-opacity has-ast-global-color-3-background-color has-background is-style-wide\"\/>\n\n\n\n<p><a href=\"http:\/\/widerklang.info\/en\/kate-me-la-rue-des-lilas-weblink-lyrics-translation\/\" data-type=\"page\" data-id=\"253\">Rue de lilas<\/a>, la : <a rel=\"noreferrer noopener\" href=\"https:\/\/www.youtube.com\/watch?v=swebsNwzUoA&amp;ab_channel=SylvainGirO\" target=\"_blank\">Rue des lilas \u2013 Youtube<\/a><\/p>\n\n\n\n<hr class=\"wp-block-separator has-text-color has-ast-global-color-3-color has-alpha-channel-opacity has-ast-global-color-3-background-color has-background is-style-wide\"\/>\n\n\n\n<p><a href=\"http:\/\/widerklang.info\/en\/santa-barbara-bendita-by-nuberu\/\" data-type=\"page\" data-id=\"280\">Santa Barbara Bendita<\/a> : <a href=\"https:\/\/youtu.be\/QeLV923AtN0\" target=\"_blank\" rel=\"noreferrer noopener\">Santa Barbara Bendita &#8211; Youtube<\/a><\/p>\n\n\n\n<hr class=\"wp-block-separator has-text-color has-ast-global-color-3-color has-alpha-channel-opacity has-ast-global-color-3-background-color has-background is-style-wide\"\/>\n\n\n\n<p><a href=\"http:\/\/widerklang.info\/en\/su-compagne-su-fratelli\/\" data-type=\"page\" data-id=\"337\">Su Compagne (Su Fratelli)<\/a> : <a rel=\"noreferrer noopener\" href=\"https:\/\/www.youtube.com\/watch?v=BTHQa6koSGo\" target=\"_blank\">Su fratelli &#8211; Youtube<\/a><\/p>\n\n\n\n<hr class=\"wp-block-separator has-text-color has-ast-global-color-3-color has-alpha-channel-opacity has-ast-global-color-3-background-color has-background is-style-wide\"\/>\n\n\n\n<p><a href=\"http:\/\/widerklang.info\/en\/sorude-barabari\/\" data-type=\"page\" data-id=\"423\">Soroode Barabari<\/a> : <a href=\"https:\/\/www.youtube.com\/watch?v=H3p1OJyDnvY&amp;ab_channel=Iman_Piano\" target=\"_blank\" rel=\"noreferrer noopener\">Soroode Barabari \u2013 Youtube<\/a><\/p>\n\n\n\n<hr class=\"wp-block-separator has-text-color has-ast-global-color-3-color has-alpha-channel-opacity has-ast-global-color-3-background-color has-background is-style-wide\"\/>\n\n\n\n<p><a href=\"http:\/\/widerklang.info\/en\/the-day-the-nazi-died-by-chumbawamba\/\" data-type=\"page\" data-id=\"284\">The day the Nazi died<\/a> : <a href=\"https:\/\/www.youtube.com\/watch?v=AprqBXXPQH8\" target=\"_blank\" rel=\"noreferrer noopener\">The day the Nazi died &#8211; Youtube<\/a><\/p>\n\n\n\n<hr class=\"wp-block-separator has-text-color has-ast-global-color-3-color has-alpha-channel-opacity has-ast-global-color-3-background-color has-background is-style-wide\"\/>\n\n\n\n<p><a href=\"http:\/\/widerklang.info\/en\/unadikum-by-ahmad-qabour\/\" data-type=\"page\" data-id=\"282\">Unadikum<\/a> : <a href=\"https:\/\/www.youtube.com\/watch?v=ScCA1qMo3-4\" target=\"_blank\" rel=\"noreferrer noopener\">Unadikum &#8211; Youtube<\/a><\/p>\n\n\n\n<hr class=\"wp-block-separator has-text-color has-ast-global-color-3-color has-alpha-channel-opacity has-ast-global-color-3-background-color has-background is-style-wide\"\/>\n\n\n\n<p><a href=\"http:\/\/widerklang.info\/en\/uyan-berkin-by-grup-yorum\/\" data-type=\"page\" data-id=\"276\">Uyan Berkin<\/a> : <a href=\"https:\/\/www.youtube.com\/watch?v=AAqn6zLY5E0\" target=\"_blank\" rel=\"noreferrer noopener\">Uyan Berkin &#8211; Youtube<\/a><\/p>\n\n\n\n<hr class=\"wp-block-separator has-text-color has-ast-global-color-3-color has-alpha-channel-opacity has-ast-global-color-3-background-color has-background is-style-wide\"\/>\n\n\n\n<p><a href=\"http:\/\/widerklang.info\/en\/wenn-dieser-morgen-kommt-by-dieter-sueverkruep-oktoberclub\/\" data-type=\"page\" data-id=\"353\">Wenn dieser Morgen kommt<\/a> : <a href=\"https:\/\/www.youtube.com\/watch?v=3hE1eQ94PwE\" target=\"_blank\" rel=\"noreferrer noopener\">Wenn dieser Morgen kommt &#8211; Youtube<\/a><\/p>\n\n\n\n<hr class=\"wp-block-separator has-text-color has-ast-global-color-3-color has-alpha-channel-opacity has-ast-global-color-3-background-color has-background is-style-wide\"\/>","protected":false},"excerpt":{"rendered":"<p>Repertoire Our songs are as fluid as our choir. Here are some that we already sang but we sing more. A la huelga feminista : A la huelga feminista &#8211; Youtube Adieu paure : Adieu paure \u2013 Youtube Ain\u00b4t gonna let nobody turn me \u00b4round : Aint&#8217;gonne let nobdy (&#8230;) &#8211; Youtube Arbeiter:innen von Wien &hellip;<\/p>\n<p class=\"read-more\"> <a class=\"\" href=\"http:\/\/widerklang.info\/en\/repertoire\/\"> <span class=\"screen-reader-text\">Repertoire<\/span> Read More &raquo;<\/a><\/p>","protected":false},"author":1,"featured_media":0,"parent":0,"menu_order":0,"comment_status":"closed","ping_status":"closed","template":"","meta":{"site-sidebar-layout":"default","site-content-layout":"default","ast-global-header-display":"","ast-main-header-display":"","ast-hfb-above-header-display":"","ast-hfb-below-header-display":"","ast-hfb-mobile-header-display":"","site-post-title":"disabled","ast-breadcrumbs-content":"","ast-featured-img":"","footer-sml-layout":"","theme-transparent-header-meta":"","adv-header-id-meta":"","stick-header-meta":"","header-above-stick-meta":"","header-main-stick-meta":"","header-below-stick-meta":"","footnotes":""},"categories":[],"tags":[],"class_list":["post-668","page","type-page","status-publish","hentry"],"_links":{"self":[{"href":"http:\/\/widerklang.info\/en\/wp-json\/wp\/v2\/pages\/668","targetHints":{"allow":["GET"]}}],"collection":[{"href":"http:\/\/widerklang.info\/en\/wp-json\/wp\/v2\/pages"}],"about":[{"href":"http:\/\/widerklang.info\/en\/wp-json\/wp\/v2\/types\/page"}],"author":[{"embeddable":true,"href":"http:\/\/widerklang.info\/en\/wp-json\/wp\/v2\/users\/1"}],"replies":[{"embeddable":true,"href":"http:\/\/widerklang.info\/en\/wp-json\/wp\/v2\/comments?post=668"}],"version-history":[{"count":3,"href":"http:\/\/widerklang.info\/en\/wp-json\/wp\/v2\/pages\/668\/revisions"}],"predecessor-version":[{"id":678,"href":"http:\/\/widerklang.info\/en\/wp-json\/wp\/v2\/pages\/668\/revisions\/678"}],"wp:attachment":[{"href":"http:\/\/widerklang.info\/en\/wp-json\/wp\/v2\/media?parent=668"}],"wp:term":[{"taxonomy":"category","embeddable":true,"href":"http:\/\/widerklang.info\/en\/wp-json\/wp\/v2\/categories?post=668"},{"taxonomy":"post_tag","embeddable":true,"href":"http:\/\/widerklang.info\/en\/wp-json\/wp\/v2\/tags?post=668"}],"curies":[{"name":"wp","href":"https:\/\/api.w.org\/{rel}","templated":true}]}}