{"id":423,"date":"2023-01-27T08:56:21","date_gmt":"2023-01-27T08:56:21","guid":{"rendered":"http:\/\/widerklang.info\/?page_id=423"},"modified":"2023-01-27T09:14:06","modified_gmt":"2023-01-27T09:14:06","slug":"sorude-barabari","status":"publish","type":"page","link":"http:\/\/widerklang.info\/en\/sorude-barabari\/","title":{"rendered":"Soroode Barabari"},"content":{"rendered":"<h3 class=\"wp-block-heading\"><strong>Context:<\/strong><\/h3>\n\n\n\n<p>The song was composed for the feminist revolution ongoing in Iran.<\/p>\n\n\n\n<p><a href=\"https:\/\/www.youtube.com\/watch?v=H3p1OJyDnvY&amp;ab_channel=Iman_Piano\">Youtube link for Sorude Barabari<\/a><\/p>\n\n\n\n<hr class=\"wp-block-separator has-alpha-channel-opacity is-style-wide\"\/>\n\n\n\n<p>          <\/p>\n\n\n\n<div class=\"wp-block-columns is-layout-flex wp-container-core-columns-is-layout-1 wp-block-columns-is-layout-flex\" style=\"padding-top:0;padding-right:0;padding-bottom:0;padding-left:0\">\n<div class=\"wp-block-column is-layout-flow wp-block-column-is-layout-flow\">\n<h3 class=\"wp-block-heading\"><strong>Original<\/strong> : transcription<\/h3>\n\n\n\n<p>Jav\u00e2ne mizanam <br>Be ruye zakhme bar tanam <br>Faghat be hokme budanam <br>Ke man zanam zanam zanam <\/p>\n\n\n\n<p>Chu ham sed\u00e2 shavim o <br>P\u00e2 be p\u00e2ye ham ravim o <br>Dast be daste ham dahim o <br>Az setam rah\u00e2 shavim <\/p>\n\n\n\n<p>Jah\u00e2ne digari <br>Bes\u00e2zim az bar\u00e2bari <br>Be ham deli o kh\u00e2hari <br>Jah\u00e2ne sh\u00e2d o behtari <\/p>\n\n\n\n<p>Na sang o s\u00e2rh\u00e2 <br>Na p\u00e2ye chube d\u00e2rh\u00e2 <br>Na geryeh\u00e2ye b\u00e2rh\u00e2 <br>Na nang o kh\u00e2r h\u00e2 <\/p>\n\n\n\n<p>Jah\u00e2ne\u2026 <\/p>\n\n\n\n<p>Jah\u00e2ne\u2026<\/p>\n<\/div>\n\n\n\n<div class=\"wp-block-column is-layout-flow wp-block-column-is-layout-flow\">\n<h3 class=\"wp-block-heading\"><strong>English translation<\/strong><\/h3>\n\n\n\n<p>I germinate <br>On my wound <br>I was just judged <br>That I am a woman, a woman, a woman <\/p>\n\n\n\n<p>Let\u2019s call each other <br>and Let\u2019s go side by side <br>and Let\u2019s join hands and <br>Get rid of oppression <\/p>\n\n\n\n<p>Another world <br>Let\u2019s build from equality Empathy and sisterhood <br>A happier and better world <\/p>\n\n\n\n<p>Not rocks and starlings <br>Not the legs of woodcutters <br>Not crying many times <br>No shame <\/p>\n\n\n\n<p>Another world Let\u2019s build from equality Empathy and sisterhood A happier and better world<\/p>\n<\/div>\n<\/div>\n\n\n\n<div style=\"height:100px\" aria-hidden=\"true\" class=\"wp-block-spacer\"><\/div>\n\n\n\n<p><\/p>","protected":false},"excerpt":{"rendered":"<p>Context: The song was composed for the feminist revolution ongoing in Iran. Youtube link for Sorude Barabari Original : transcription Jav\u00e2ne mizanam Be ruye zakhme bar tanam Faghat be hokme budanam Ke man zanam zanam zanam Chu ham sed\u00e2 shavim o P\u00e2 be p\u00e2ye ham ravim o Dast be daste ham dahim o Az setam &hellip;<\/p>\n<p class=\"read-more\"> <a class=\"\" href=\"http:\/\/widerklang.info\/en\/sorude-barabari\/\"> <span class=\"screen-reader-text\">Soroode Barabari<\/span> Read More &raquo;<\/a><\/p>","protected":false},"author":1,"featured_media":0,"parent":0,"menu_order":0,"comment_status":"closed","ping_status":"closed","template":"","meta":{"site-sidebar-layout":"default","site-content-layout":"default","ast-global-header-display":"","ast-main-header-display":"","ast-hfb-above-header-display":"","ast-hfb-below-header-display":"","ast-hfb-mobile-header-display":"","site-post-title":"","ast-breadcrumbs-content":"","ast-featured-img":"","footer-sml-layout":"","theme-transparent-header-meta":"","adv-header-id-meta":"","stick-header-meta":"","header-above-stick-meta":"","header-main-stick-meta":"","header-below-stick-meta":"","footnotes":""},"categories":[],"tags":[],"class_list":["post-423","page","type-page","status-publish","hentry"],"_links":{"self":[{"href":"http:\/\/widerklang.info\/en\/wp-json\/wp\/v2\/pages\/423","targetHints":{"allow":["GET"]}}],"collection":[{"href":"http:\/\/widerklang.info\/en\/wp-json\/wp\/v2\/pages"}],"about":[{"href":"http:\/\/widerklang.info\/en\/wp-json\/wp\/v2\/types\/page"}],"author":[{"embeddable":true,"href":"http:\/\/widerklang.info\/en\/wp-json\/wp\/v2\/users\/1"}],"replies":[{"embeddable":true,"href":"http:\/\/widerklang.info\/en\/wp-json\/wp\/v2\/comments?post=423"}],"version-history":[{"count":3,"href":"http:\/\/widerklang.info\/en\/wp-json\/wp\/v2\/pages\/423\/revisions"}],"predecessor-version":[{"id":429,"href":"http:\/\/widerklang.info\/en\/wp-json\/wp\/v2\/pages\/423\/revisions\/429"}],"wp:attachment":[{"href":"http:\/\/widerklang.info\/en\/wp-json\/wp\/v2\/media?parent=423"}],"wp:term":[{"taxonomy":"category","embeddable":true,"href":"http:\/\/widerklang.info\/en\/wp-json\/wp\/v2\/categories?post=423"},{"taxonomy":"post_tag","embeddable":true,"href":"http:\/\/widerklang.info\/en\/wp-json\/wp\/v2\/tags?post=423"}],"curies":[{"name":"wp","href":"https:\/\/api.w.org\/{rel}","templated":true}]}}