{"id":2,"date":"2022-12-05T08:57:28","date_gmt":"2022-12-05T08:57:28","guid":{"rendered":"http:\/\/widerklang.info\/?page_id=2"},"modified":"2024-12-11T14:09:58","modified_gmt":"2024-12-11T14:09:58","slug":"sample-page","status":"publish","type":"page","link":"http:\/\/widerklang.info\/en\/","title":{"rendered":"Start"},"content":{"rendered":"<h2 class=\"wp-block-heading\">Widerklang Chor Berlin <\/h2>\n\n\n\n<div style=\"height:20px\" aria-hidden=\"true\" class=\"wp-block-spacer\"><\/div>\n\n\n\n<div class=\"wp-block-columns has-medium-font-size is-layout-flex wp-container-core-columns-is-layout-1 wp-block-columns-is-layout-flex\" style=\"padding-top:0;padding-right:0;padding-bottom:0;padding-left:0\">\n<div class=\"wp-block-column has-medium-font-size is-layout-constrained wp-block-column-is-layout-constrained\">\n<p><strong>Our Choir sings in many languages for freedom, equality and the cultural-esthetic support of the struggles from the radical-left. <\/strong><\/p>\n\n\n\n<p>We are an open choir in Berlin. Feel free to come to <strong><a href=\"http:\/\/widerklang.info\/en\/events\/\">our current events<\/a><\/strong> and sing along.<\/p>\n\n\n\n<p><a href=\"http:\/\/widerklang.info\/en\/repertoire\/\" data-type=\"URL\" data-id=\"http:\/\/widerklang.info\/repertoire\/\">Here are parts of our repertoire.<\/a><\/p>\n\n\n\n<p>At the moment we have to figure out how to deal with the growth of the choir. If you like to sing with us please write. We have Newcomer rehearsals to join us. <\/p>\n\n\n\n<p>We sing at demonstrations, leftist initiatives and protests and we invite to self organized solidarity-events and public rehearsals. <\/p>\n\n\n\n<p>If you want to come to our rehearsal or if you are looking for musical choir support for your upcoming demonstration or solidarity-event, contact us:<\/p>\n\n\n\n<div class=\"wp-block-buttons is-layout-flex wp-block-buttons-is-layout-flex\">\n<div class=\"wp-block-button alignleft is-style-outline is-style-outline--1\"><a class=\"wp-block-button__link has-ast-global-color-5-color has-text-color has-link-color wp-element-button\" href=\"mailto:widerklang@systemli.org\" target=\"_blank\" rel=\"noreferrer noopener\">Widerklang@systemli.org<\/a><\/div>\n<\/div>\n\n\n\n<p><\/p>\n\n\n\n<p><a rel=\"noreferrer noopener\" href=\"https:\/\/www.instagram.com\/widerklang.berlin\/\" data-type=\"URL\" data-id=\"https:\/\/www.instagram.com\/widerklang.berlin\/\" target=\"_blank\">instagram.com\/widerklang.berlin<\/a><\/p>\n<\/div>\n\n\n\n<div class=\"wp-block-column is-layout-flow wp-block-column-is-layout-flow\">\n<figure class=\"wp-block-image size-large\"><img loading=\"lazy\" decoding=\"async\" width=\"1024\" height=\"985\" src=\"http:\/\/widerklang.info\/wp-content\/uploads\/2022\/12\/vogel-1-1024x985.png\" alt=\"Die Zeichnung eines Vogels, der &quot;Widerklang&quot; singt.\" class=\"wp-image-12\" srcset=\"http:\/\/widerklang.info\/wp-content\/uploads\/2022\/12\/vogel-1-1024x985.png 1024w, http:\/\/widerklang.info\/wp-content\/uploads\/2022\/12\/vogel-1-300x289.png 300w, http:\/\/widerklang.info\/wp-content\/uploads\/2022\/12\/vogel-1-768x739.png 768w, http:\/\/widerklang.info\/wp-content\/uploads\/2022\/12\/vogel-1.png 1280w\" sizes=\"auto, (max-width: 1024px) 100vw, 1024px\" \/><\/figure>\n<\/div>\n<\/div>\n\n\n\n<div style=\"height:100px\" aria-hidden=\"true\" class=\"wp-block-spacer\"><\/div>\n\n\n\n<h2 class=\"wp-block-heading\" id=\"Core\">Our core<\/h2>\n\n\n\n<p>The Widerklang choir supports grassroot leftist struggles and actions. This includes anarchist, communist, FLINTA*\/feminist, ecological, anti-racist, anti-fascist and de-colonial movements. It is important to us that the values of freedom and equality are pursued and that the resistance is directed against capitalist, imperialist and patriarchal exploitation and oppression. With our songs we remember struggles, people and stories from the past. With our music we want to empower diverse groups of the radical left in Berlin and strengthen movements from the present. We want to raise the feeling of belonging while singing together. We want a resistance grassroot culture with music, enthusiasm and joy!  <\/p>\n\n\n\n<div style=\"height:100px\" aria-hidden=\"true\" class=\"wp-block-spacer\"><\/div>\n\n\n\n<h2 class=\"wp-block-heading\" id=\"Accessibility\">Accessibility<\/h2>\n\n\n\n<p>We try to find different spaces for our rehearsals. The most popular place has two steps. The toilet is not accessible. The next public toilet is about one or two hundred meters down the road.<\/p>\n\n\n\n<p>Meistens reden wir w\u00e4hrend unserer Proben Englisch, weil das die meisten verstehen. Wir singen aber ohnehin auf vielen Sprachen, die die meisten dann nat\u00fcrlich nicht verstehen. F\u00fcr alles, was nicht verstanden wird versuchen wir \u00dcbersetzer:innen zu finden. Normalerweise funktioniert das gut.<\/p>\n\n\n\n<p>Covid: Wir bitten alle sich vor den Proben zu testen. Zum singen tragen wir (30\u201340 Leute) keine Maske und es ist meistens eng. Da ist es nicht m\u00f6glich Abstand zu halten.<\/p>\n\n\n\n<p><strong>If you want to sing with us that doesn't cost money and you don't need to proof your singing skills.<\/strong><\/p>\n\n\n\n<div style=\"height:100px\" aria-hidden=\"true\" class=\"wp-block-spacer\"><\/div>","protected":false},"excerpt":{"rendered":"<p>Widerklang Chor Berlin Unser Chor singt auf vielen Sprachen f\u00fcr Freiheit, Gleichheit und die kulturell-\u00e4stethische Unterst\u00fctzung der K\u00e4mpfe von links-unten. Wir sind ein offener Chor in Berlin. Ihr k\u00f6nnt gerne zu unseren aktuellen Veranstaltungen kommen und mitsingen. Hier ein Einblick in unser Repertoire. Aktuell kl\u00e4ren wir, wie wir mit dem Wachstum des Chores umgehen k\u00f6nnen. &hellip;<\/p>\n<p class=\"read-more\"> <a class=\"\" href=\"http:\/\/widerklang.info\/en\/\"> <span class=\"screen-reader-text\">Start<\/span> Read More &raquo;<\/a><\/p>","protected":false},"author":1,"featured_media":0,"parent":0,"menu_order":0,"comment_status":"closed","ping_status":"closed","template":"","meta":{"site-sidebar-layout":"default","site-content-layout":"default","ast-global-header-display":"","ast-main-header-display":"","ast-hfb-above-header-display":"","ast-hfb-below-header-display":"","ast-hfb-mobile-header-display":"","site-post-title":"disabled","ast-breadcrumbs-content":"","ast-featured-img":"","footer-sml-layout":"","theme-transparent-header-meta":"","adv-header-id-meta":"","stick-header-meta":"","header-above-stick-meta":"","header-main-stick-meta":"","header-below-stick-meta":"","footnotes":""},"categories":[],"tags":[],"class_list":["post-2","page","type-page","status-publish","hentry"],"_links":{"self":[{"href":"http:\/\/widerklang.info\/en\/wp-json\/wp\/v2\/pages\/2","targetHints":{"allow":["GET"]}}],"collection":[{"href":"http:\/\/widerklang.info\/en\/wp-json\/wp\/v2\/pages"}],"about":[{"href":"http:\/\/widerklang.info\/en\/wp-json\/wp\/v2\/types\/page"}],"author":[{"embeddable":true,"href":"http:\/\/widerklang.info\/en\/wp-json\/wp\/v2\/users\/1"}],"replies":[{"embeddable":true,"href":"http:\/\/widerklang.info\/en\/wp-json\/wp\/v2\/comments?post=2"}],"version-history":[{"count":131,"href":"http:\/\/widerklang.info\/en\/wp-json\/wp\/v2\/pages\/2\/revisions"}],"predecessor-version":[{"id":772,"href":"http:\/\/widerklang.info\/en\/wp-json\/wp\/v2\/pages\/2\/revisions\/772"}],"wp:attachment":[{"href":"http:\/\/widerklang.info\/en\/wp-json\/wp\/v2\/media?parent=2"}],"wp:term":[{"taxonomy":"category","embeddable":true,"href":"http:\/\/widerklang.info\/en\/wp-json\/wp\/v2\/categories?post=2"},{"taxonomy":"post_tag","embeddable":true,"href":"http:\/\/widerklang.info\/en\/wp-json\/wp\/v2\/tags?post=2"}],"curies":[{"name":"wp","href":"https:\/\/api.w.org\/{rel}","templated":true}]}}